{"id":4163,"date":"2016-05-06T18:31:41","date_gmt":"2016-05-06T16:31:41","guid":{"rendered":"http:\/\/test.scheidt.de\/?page_id=4163"},"modified":"2025-10-20T06:50:53","modified_gmt":"2025-10-20T06:50:53","slug":"contact","status":"publish","type":"page","link":"https:\/\/www.scheidt.de\/en\/kontakt\/","title":{"rendered":"Contact us"},"content":{"rendered":"\t\t<div data-elementor-type=\"wp-page\" data-elementor-id=\"4163\" class=\"elementor elementor-4163\" data-elementor-post-type=\"page\">\n\t\t\t\t<div class=\"elementor-element elementor-element-cb4e1f3 e-flex e-con-boxed e-con e-parent\" data-id=\"cb4e1f3\" data-element_type=\"container\" data-e-type=\"container\" data-settings=\"{&quot;background_background&quot;:&quot;gradient&quot;}\">\n\t\t\t\t\t<div class=\"e-con-inner\">\n\t\t<div class=\"elementor-element elementor-element-aa76568 e-con-full e-flex e-con e-child\" data-id=\"aa76568\" data-element_type=\"container\" data-e-type=\"container\">\n\t\t\t\t<div class=\"elementor-element elementor-element-470a3a4 animated-slow elementor-invisible elementor-widget elementor-widget-text-editor\" data-id=\"470a3a4\" data-element_type=\"widget\" data-e-type=\"widget\" data-settings=\"{&quot;_animation&quot;:&quot;fadeInUp&quot;}\" data-widget_type=\"text-editor.default\">\n\t\t\t\t<div class=\"elementor-widget-container\">\n\t\t\t\t\t\t\t\t\tBereit f\u00fcr neue Perspektiven!\t\t\t\t\t\t\t\t<\/div>\n\t\t\t\t<\/div>\n\t\t\t\t<div class=\"elementor-element elementor-element-dde9e5e animated-slow elementor-invisible elementor-widget elementor-widget-text-editor\" data-id=\"dde9e5e\" data-element_type=\"widget\" data-e-type=\"widget\" data-settings=\"{&quot;_animation&quot;:&quot;fadeInUp&quot;,&quot;_animation_delay&quot;:800}\" data-widget_type=\"text-editor.default\">\n\t\t\t\t<div class=\"elementor-widget-container\">\n\t\t\t\t\t\t\t\t\t<p>M\u00f6chten Sie uns jetzt eine Nachricht schicken und haben eine Frage zu den SCHEIDT-Produkten?<br \/>Nutzen Sie unser Kontaktformular und wir melden uns bei Ihnen.<\/p>\t\t\t\t\t\t\t\t<\/div>\n\t\t\t\t<\/div>\n\t\t\t\t<\/div>\n\t\t<div class=\"elementor-element elementor-element-63d911a e-con-full e-flex e-con e-child\" data-id=\"63d911a\" data-element_type=\"container\" data-e-type=\"container\">\n\t\t<div class=\"elementor-element elementor-element-7f98fd8 e-flex e-con-boxed e-con e-child\" data-id=\"7f98fd8\" data-element_type=\"container\" data-e-type=\"container\">\n\t\t\t\t\t<div class=\"e-con-inner\">\n\t\t\t\t<div class=\"elementor-element elementor-element-6de828e elementor-absolute elementor-widget elementor-widget-image\" data-id=\"6de828e\" data-element_type=\"widget\" data-e-type=\"widget\" data-settings=\"{&quot;_position&quot;:&quot;absolute&quot;}\" data-widget_type=\"image.default\">\n\t\t\t\t<div class=\"elementor-widget-container\">\n\t\t\t\t\t\t\t\t\t\t\t\t\t\t\t<img fetchpriority=\"high\" decoding=\"async\" width=\"472\" height=\"421\" src=\"https:\/\/www.scheidt.de\/wp-content\/uploads\/2024\/04\/Scheidt-Bildmarke.svg\" class=\"attachment-large size-large wp-image-11655\" alt=\"\" \/>\t\t\t\t\t\t\t\t\t\t\t\t\t\t\t<\/div>\n\t\t\t\t<\/div>\n\t\t\t\t\t<\/div>\n\t\t\t\t<\/div>\n\t\t\t\t<\/div>\n\t\t\t\t\t<\/div>\n\t\t\t\t<\/div>\n\t\t<div class=\"elementor-element elementor-element-28fa617 e-flex e-con-boxed e-con e-parent\" data-id=\"28fa617\" data-element_type=\"container\" data-e-type=\"container\">\n\t\t\t\t\t<div class=\"e-con-inner\">\n\t\t<div class=\"elementor-element elementor-element-ded3c50 e-con-full e-flex e-con e-child\" data-id=\"ded3c50\" data-element_type=\"container\" data-e-type=\"container\">\n\t\t\t\t<div class=\"elementor-element elementor-element-f70dfdc elementor-widget elementor-widget-text-editor\" data-id=\"f70dfdc\" data-element_type=\"widget\" data-e-type=\"widget\" data-widget_type=\"text-editor.default\">\n\t\t\t\t<div class=\"elementor-widget-container\">\n\t\t\t\t\t\t\t\t\t<p>Kontakt<\/p>\t\t\t\t\t\t\t\t<\/div>\n\t\t\t\t<\/div>\n\t\t\t\t<div class=\"elementor-element elementor-element-e4aa605 elementor-icon-list--layout-traditional elementor-list-item-link-full_width elementor-widget elementor-widget-icon-list\" data-id=\"e4aa605\" data-element_type=\"widget\" data-e-type=\"widget\" data-widget_type=\"icon-list.default\">\n\t\t\t\t<div class=\"elementor-widget-container\">\n\t\t\t\t\t\t\t<ul class=\"elementor-icon-list-items\">\n\t\t\t\t\t\t\t<li class=\"elementor-icon-list-item\">\n\t\t\t\t\t\t\t\t\t\t\t<span class=\"elementor-icon-list-icon\">\n\t\t\t\t\t\t\t<svg aria-hidden=\"true\" class=\"e-font-icon-svg e-fas-map-marker-alt\" viewBox=\"0 0 384 512\" xmlns=\"http:\/\/www.w3.org\/2000\/svg\"><path d=\"M172.268 501.67C26.97 291.031 0 269.413 0 192 0 85.961 85.961 0 192 0s192 85.961 192 192c0 77.413-26.97 99.031-172.268 309.67-9.535 13.774-29.93 13.773-39.464 0zM192 272c44.183 0 80-35.817 80-80s-35.817-80-80-80-80 35.817-80 80 35.817 80 80 80z\"><\/path><\/svg>\t\t\t\t\t\t<\/span>\n\t\t\t\t\t\t\t\t\t\t<span class=\"elementor-icon-list-text\">SCHEIDT GmbH &amp; Co. KG <br>Galgenfeld 2 <br>31737 Rinteln<\/span>\n\t\t\t\t\t\t\t\t\t<\/li>\n\t\t\t\t\t\t\t\t<li class=\"elementor-icon-list-item\">\n\t\t\t\t\t\t\t\t\t\t\t<a href=\"tel:+49575117900\">\n\n\t\t\t\t\t\t\t\t\t\t\t\t<span class=\"elementor-icon-list-icon\">\n\t\t\t\t\t\t\t<svg aria-hidden=\"true\" class=\"e-font-icon-svg e-fas-phone-alt\" viewBox=\"0 0 512 512\" xmlns=\"http:\/\/www.w3.org\/2000\/svg\"><path d=\"M497.39 361.8l-112-48a24 24 0 0 0-28 6.9l-49.6 60.6A370.66 370.66 0 0 1 130.6 204.11l60.6-49.6a23.94 23.94 0 0 0 6.9-28l-48-112A24.16 24.16 0 0 0 122.6.61l-104 24A24 24 0 0 0 0 48c0 256.5 207.9 464 464 464a24 24 0 0 0 23.4-18.6l24-104a24.29 24.29 0 0 0-14.01-27.6z\"><\/path><\/svg>\t\t\t\t\t\t<\/span>\n\t\t\t\t\t\t\t\t\t\t<span class=\"elementor-icon-list-text\">+49 (0) 5751-1790 0<\/span>\n\t\t\t\t\t\t\t\t\t\t\t<\/a>\n\t\t\t\t\t\t\t\t\t<\/li>\n\t\t\t\t\t\t\t\t<li class=\"elementor-icon-list-item\">\n\t\t\t\t\t\t\t\t\t\t\t<a href=\"mailto:info@scheidt.de\">\n\n\t\t\t\t\t\t\t\t\t\t\t\t<span class=\"elementor-icon-list-icon\">\n\t\t\t\t\t\t\t<svg aria-hidden=\"true\" class=\"e-font-icon-svg e-far-envelope\" viewBox=\"0 0 512 512\" xmlns=\"http:\/\/www.w3.org\/2000\/svg\"><path d=\"M464 64H48C21.49 64 0 85.49 0 112v288c0 26.51 21.49 48 48 48h416c26.51 0 48-21.49 48-48V112c0-26.51-21.49-48-48-48zm0 48v40.805c-22.422 18.259-58.168 46.651-134.587 106.49-16.841 13.247-50.201 45.072-73.413 44.701-23.208.375-56.579-31.459-73.413-44.701C106.18 199.465 70.425 171.067 48 152.805V112h416zM48 400V214.398c22.914 18.251 55.409 43.862 104.938 82.646 21.857 17.205 60.134 55.186 103.062 54.955 42.717.231 80.509-37.199 103.053-54.947 49.528-38.783 82.032-64.401 104.947-82.653V400H48z\"><\/path><\/svg>\t\t\t\t\t\t<\/span>\n\t\t\t\t\t\t\t\t\t\t<span class=\"elementor-icon-list-text\">info@scheidt.de<\/span>\n\t\t\t\t\t\t\t\t\t\t\t<\/a>\n\t\t\t\t\t\t\t\t\t<\/li>\n\t\t\t\t\t\t<\/ul>\n\t\t\t\t\t\t<\/div>\n\t\t\t\t<\/div>\n\t\t\t\t<\/div>\n\t\t<div class=\"elementor-element elementor-element-9911bed e-con-full e-flex e-con e-child\" data-id=\"9911bed\" data-element_type=\"container\" data-e-type=\"container\">\n\t\t\t\t<div class=\"elementor-element elementor-element-65c56a2 elementor-widget elementor-widget-text-editor\" data-id=\"65c56a2\" data-element_type=\"widget\" data-e-type=\"widget\" data-widget_type=\"text-editor.default\">\n\t\t\t\t<div class=\"elementor-widget-container\">\n\t\t\t\t\t\t\t\t\t<p>Kontaktformular<\/p>\t\t\t\t\t\t\t\t<\/div>\n\t\t\t\t<\/div>\n\t\t\t\t<div class=\"elementor-element elementor-element-e40b7f3 elementor-button-align-stretch elementor-widget elementor-widget-form\" data-id=\"e40b7f3\" data-element_type=\"widget\" data-e-type=\"widget\" data-settings=\"{&quot;button_width&quot;:&quot;30&quot;,&quot;step_next_label&quot;:&quot;N\\u00e4chster&quot;,&quot;step_previous_label&quot;:&quot;Voriger&quot;,&quot;step_type&quot;:&quot;number_text&quot;,&quot;step_icon_shape&quot;:&quot;circle&quot;}\" data-widget_type=\"form.default\">\n\t\t\t\t<div class=\"elementor-widget-container\">\n\t\t\t\t\t\t\t<form class=\"elementor-form\" method=\"post\" name=\"Neues Formular\" aria-label=\"Neues Formular\">\n\t\t\t<input type=\"hidden\" name=\"post_id\" value=\"4163\"\/>\n\t\t\t<input type=\"hidden\" name=\"form_id\" value=\"e40b7f3\"\/>\n\t\t\t<input type=\"hidden\" name=\"referer_title\" value=\"Kontakt \u00fcber unser Kontaktformular - Trafostationen, Kompaktstationen, Versorgungsstationen aus Stahlbeton, individuelle Schalth\u00e4user\" \/>\n\n\t\t\t\t\t\t\t<input type=\"hidden\" name=\"queried_id\" value=\"4163\"\/>\n\t\t\t\n\t\t\t<div class=\"elementor-form-fields-wrapper elementor-labels-above\">\n\t\t\t\t\t\t\t\t<div class=\"elementor-field-type-text elementor-field-group elementor-column elementor-field-group-name elementor-col-50\">\n\t\t\t\t\t\t\t\t\t\t\t\t<label for=\"form-field-name\" class=\"elementor-field-label\">\n\t\t\t\t\t\t\t\tAnsprechpartner*\t\t\t\t\t\t\t<\/label>\n\t\t\t\t\t\t\t\t\t\t\t\t\t\t<input size=\"1\" type=\"text\" name=\"form_fields[name]\" id=\"form-field-name\" class=\"elementor-field elementor-size-sm  elementor-field-textual\">\n\t\t\t\t\t\t\t\t\t\t\t<\/div>\n\t\t\t\t\t\t\t\t<div class=\"elementor-field-type-text elementor-field-group elementor-column elementor-field-group-name elementor-col-50\">\n\t\t\t\t\t\t\t\t\t\t\t\t<label for=\"form-field-name\" class=\"elementor-field-label\">\n\t\t\t\t\t\t\t\tFirma*\t\t\t\t\t\t\t<\/label>\n\t\t\t\t\t\t\t\t\t\t\t\t\t\t<input size=\"1\" type=\"text\" name=\"form_fields[name]\" id=\"form-field-name\" class=\"elementor-field elementor-size-sm  elementor-field-textual\">\n\t\t\t\t\t\t\t\t\t\t\t<\/div>\n\t\t\t\t\t\t\t\t<div class=\"elementor-field-type-select elementor-field-group elementor-column elementor-field-group-field_42412e0 elementor-col-100\">\n\t\t\t\t\t\t\t\t\t\t\t\t<label for=\"form-field-field_42412e0\" class=\"elementor-field-label\">\n\t\t\t\t\t\t\t\tIch interessiere mich f\u00fcr\t\t\t\t\t\t\t<\/label>\n\t\t\t\t\t\t\t\t<div class=\"elementor-field elementor-select-wrapper remove-before \">\n\t\t\t<div class=\"select-caret-down-wrapper\">\n\t\t\t\t<svg aria-hidden=\"true\" class=\"e-font-icon-svg e-eicon-caret-down\" viewBox=\"0 0 571.4 571.4\" xmlns=\"http:\/\/www.w3.org\/2000\/svg\"><path d=\"M571 393Q571 407 561 418L311 668Q300 679 286 679T261 668L11 418Q0 407 0 393T11 368 36 357H536Q550 357 561 368T571 393Z\"><\/path><\/svg>\t\t\t<\/div>\n\t\t\t<select name=\"form_fields[field_42412e0]\" id=\"form-field-field_42412e0\" class=\"elementor-field-textual elementor-size-sm\">\n\t\t\t\t\t\t\t\t\t<option value=\"-\">-<\/option>\n\t\t\t\t\t\t\t\t\t<option value=\"Stationen \">Stationen <\/option>\n\t\t\t\t\t\t\t\t\t<option value=\"Schalth\u00e4user &amp; Bauwerke\">Schalth\u00e4user &amp; Bauwerke<\/option>\n\t\t\t\t\t\t\t\t\t<option value=\"Elektroausbau\">Elektroausbau<\/option>\n\t\t\t\t\t\t\t\t\t<option value=\"Ausstattung &amp; Ausr\u00fcstung\">Ausstattung &amp; Ausr\u00fcstung<\/option>\n\t\t\t\t\t\t\t\t\t<option value=\"Sonstiges\">Sonstiges<\/option>\n\t\t\t\t\t\t\t\t\t<option value=\"\"><\/option>\n\t\t\t\t\t\t\t<\/select>\n\t\t<\/div>\n\t\t\t\t\t\t<\/div>\n\t\t\t\t\t\t\t\t<div class=\"elementor-field-type-email elementor-field-group elementor-column elementor-field-group-email elementor-col-50 elementor-field-required\">\n\t\t\t\t\t\t\t\t\t\t\t\t<label for=\"form-field-email\" class=\"elementor-field-label\">\n\t\t\t\t\t\t\t\tE-Mail*\t\t\t\t\t\t\t<\/label>\n\t\t\t\t\t\t\t\t\t\t\t\t\t\t<input size=\"1\" type=\"email\" name=\"form_fields[email]\" id=\"form-field-email\" class=\"elementor-field elementor-size-sm  elementor-field-textual\" placeholder=\"E-Mail\" required=\"required\">\n\t\t\t\t\t\t\t\t\t\t\t<\/div>\n\t\t\t\t\t\t\t\t<div class=\"elementor-field-type-tel elementor-field-group elementor-column elementor-field-group-field_33d75d4 elementor-col-50\">\n\t\t\t\t\t\t\t\t\t\t\t\t<label for=\"form-field-field_33d75d4\" class=\"elementor-field-label\">\n\t\t\t\t\t\t\t\tTelefonnummer\t\t\t\t\t\t\t<\/label>\n\t\t\t\t\t\t\t\t<input size=\"1\" type=\"tel\" name=\"form_fields[field_33d75d4]\" id=\"form-field-field_33d75d4\" class=\"elementor-field elementor-size-sm  elementor-field-textual\" pattern=\"[0-9()#&amp;+*-=.]+\" title=\"Nur Nummern oder Telefon-Zeichen (#, -, *, etc) werden akzeptiert.\">\n\n\t\t\t\t\t\t<\/div>\n\t\t\t\t\t\t\t\t<div class=\"elementor-field-type-text elementor-field-group elementor-column elementor-field-group-field_1386e21 elementor-col-50\">\n\t\t\t\t\t\t\t\t\t\t\t\t<label for=\"form-field-field_1386e21\" class=\"elementor-field-label\">\n\t\t\t\t\t\t\t\tStra\u00dfe\t\t\t\t\t\t\t<\/label>\n\t\t\t\t\t\t\t\t\t\t\t\t\t\t<input size=\"1\" type=\"text\" name=\"form_fields[field_1386e21]\" id=\"form-field-field_1386e21\" class=\"elementor-field elementor-size-sm  elementor-field-textual\">\n\t\t\t\t\t\t\t\t\t\t\t<\/div>\n\t\t\t\t\t\t\t\t<div class=\"elementor-field-type-text elementor-field-group elementor-column elementor-field-group-field_1386e21 elementor-col-50\">\n\t\t\t\t\t\t\t\t\t\t\t\t<label for=\"form-field-field_1386e21\" class=\"elementor-field-label\">\n\t\t\t\t\t\t\t\tPLZ \/ Ort\t\t\t\t\t\t\t<\/label>\n\t\t\t\t\t\t\t\t\t\t\t\t\t\t<input size=\"1\" type=\"text\" name=\"form_fields[field_1386e21]\" id=\"form-field-field_1386e21\" class=\"elementor-field elementor-size-sm  elementor-field-textual\">\n\t\t\t\t\t\t\t\t\t\t\t<\/div>\n\t\t\t\t\t\t\t\t<div class=\"elementor-field-type-text elementor-field-group elementor-column elementor-field-group-field_1386e21 elementor-col-100\">\n\t\t\t\t\t\t\t\t\t\t\t\t<label for=\"form-field-field_1386e21\" class=\"elementor-field-label\">\n\t\t\t\t\t\t\t\tLand\t\t\t\t\t\t\t<\/label>\n\t\t\t\t\t\t\t\t\t\t\t\t\t\t<input size=\"1\" type=\"text\" name=\"form_fields[field_1386e21]\" id=\"form-field-field_1386e21\" class=\"elementor-field elementor-size-sm  elementor-field-textual\">\n\t\t\t\t\t\t\t\t\t\t\t<\/div>\n\t\t\t\t\t\t\t\t<div class=\"elementor-field-type-textarea elementor-field-group elementor-column elementor-field-group-message elementor-col-100\">\n\t\t\t\t\t\t\t\t\t\t\t\t<label for=\"form-field-message\" class=\"elementor-field-label\">\n\t\t\t\t\t\t\t\tNachricht\t\t\t\t\t\t\t<\/label>\n\t\t\t\t\t\t<textarea class=\"elementor-field-textual elementor-field  elementor-size-sm\" name=\"form_fields[message]\" id=\"form-field-message\" rows=\"4\" placeholder=\"Ihre Nachricht\"><\/textarea>\t\t\t\t<\/div>\n\t\t\t\t\t\t\t\t<div class=\"elementor-field-type-acceptance elementor-field-group elementor-column elementor-field-group-field_ceea083 elementor-col-100 elementor-field-required\">\n\t\t\t\t\t\t\t<div class=\"elementor-field-subgroup\">\n\t\t\t<span class=\"elementor-field-option\">\n\t\t\t\t<input type=\"checkbox\" name=\"form_fields[field_ceea083]\" id=\"form-field-field_ceea083\" class=\"elementor-field elementor-size-sm  elementor-acceptance-field\" required=\"required\">\n\t\t\t\t<label for=\"form-field-field_ceea083\">Mit dem Anklicken der Schaltfl\u00e4che \u201eSenden\u201c erkl\u00e4ren Sie sich mit unserer <a href=\"\/kontakt\/datenschutzerklaerung\/\">Datenschutzerkl\u00e4rung<\/a> einverstanden.<\/label>\t\t\t<\/span>\n\t\t<\/div>\n\t\t\t\t\t\t<\/div>\n\t\t\t\t\t\t\t\t<div class=\"elementor-field-group elementor-column elementor-field-type-submit elementor-col-30 e-form__buttons\">\n\t\t\t\t\t<button class=\"elementor-button elementor-size-sm\" type=\"submit\">\n\t\t\t\t\t\t<span class=\"elementor-button-content-wrapper\">\n\t\t\t\t\t\t\t\t\t\t\t\t\t\t\t\t\t\t\t\t\t\t<span class=\"elementor-button-text\">Senden<\/span>\n\t\t\t\t\t\t\t\t\t\t\t\t\t<\/span>\n\t\t\t\t\t<\/button>\n\t\t\t\t<\/div>\n\t\t\t<\/div>\n\t\t<\/form>\n\t\t\t\t\t\t<\/div>\n\t\t\t\t<\/div>\n\t\t\t\t<\/div>\n\t\t\t\t\t<\/div>\n\t\t\t\t<\/div>\n\t\t\t\t<\/div>\n\t\t","protected":false},"excerpt":{"rendered":"<p>Bereit f\u00fcr neue Perspektiven! M\u00f6chten Sie uns jetzt eine Nachricht schicken und haben eine Frage zu den SCHEIDT-Produkten?Nutzen Sie unser Kontaktformular und wir melden uns bei Ihnen. Kontakt SCHEIDT GmbH &amp; Co. KG Galgenfeld 2 31737 Rinteln +49 (0) 5751-1790 0 info@scheidt.de Kontaktformular<\/p>","protected":false},"author":2,"featured_media":0,"parent":0,"menu_order":0,"comment_status":"closed","ping_status":"closed","template":"","meta":{"footnotes":""},"class_list":["post-4163","page","type-page","status-publish","hentry"],"yoast_head":"<!-- This site is optimized with the Yoast SEO plugin v27.4 - https:\/\/yoast.com\/product\/yoast-seo-wordpress\/ -->\n<title>Kontakt \u00fcber unser Kontaktformular - Trafostationen, Kompaktstationen, Versorgungsstationen aus Stahlbeton, individuelle Schalth\u00e4user<\/title>\n<meta name=\"description\" content=\"Schalten Sie um auf Zukunft. Nehmen Sie mit SCHEIDT Kontakt auf \u00fcber das Kontaktformular. Wir melden uns bei Ihnen und k\u00fcmmern uns um Ihr Anliegen!\" \/>\n<meta name=\"robots\" content=\"index, follow, max-snippet:-1, max-image-preview:large, max-video-preview:-1\" \/>\n<link rel=\"canonical\" href=\"https:\/\/www.scheidt.de\/en\/contact\/\" \/>\n<meta property=\"og:locale\" content=\"en_GB\" \/>\n<meta property=\"og:type\" content=\"article\" \/>\n<meta property=\"og:title\" content=\"Kontakt \u00fcber unser Kontaktformular - Trafostationen, Kompaktstationen, Versorgungsstationen aus Stahlbeton, individuelle Schalth\u00e4user\" \/>\n<meta property=\"og:description\" content=\"Schalten Sie um auf Zukunft. Nehmen Sie mit SCHEIDT Kontakt auf \u00fcber das Kontaktformular. Wir melden uns bei Ihnen und k\u00fcmmern uns um Ihr Anliegen!\" \/>\n<meta property=\"og:url\" content=\"https:\/\/www.scheidt.de\/en\/contact\/\" \/>\n<meta property=\"og:site_name\" content=\"Trafostationen, Kompaktstationen, Versorgungsstationen aus Stahlbeton, individuelle Schalth\u00e4user\" \/>\n<meta property=\"article:publisher\" content=\"https:\/\/www.facebook.com\/scheidtgermany\" \/>\n<meta property=\"article:modified_time\" content=\"2025-10-20T06:50:53+00:00\" \/>\n<meta name=\"twitter:card\" content=\"summary_large_image\" \/>\n<meta name=\"twitter:label1\" content=\"Estimated reading time\" \/>\n\t<meta name=\"twitter:data1\" content=\"1 minute\" \/>\n<script type=\"application\/ld+json\" class=\"yoast-schema-graph\">{\"@context\":\"https:\\\/\\\/schema.org\",\"@graph\":[{\"@type\":\"WebPage\",\"@id\":\"https:\\\/\\\/www.scheidt.de\\\/kontakt\\\/\",\"url\":\"https:\\\/\\\/www.scheidt.de\\\/kontakt\\\/\",\"name\":\"Kontakt \u00fcber unser Kontaktformular - Trafostationen, Kompaktstationen, Versorgungsstationen aus Stahlbeton, individuelle Schalth\u00e4user\",\"isPartOf\":{\"@id\":\"https:\\\/\\\/www.scheidt.de\\\/#website\"},\"primaryImageOfPage\":{\"@id\":\"https:\\\/\\\/www.scheidt.de\\\/kontakt\\\/#primaryimage\"},\"image\":{\"@id\":\"https:\\\/\\\/www.scheidt.de\\\/kontakt\\\/#primaryimage\"},\"thumbnailUrl\":\"https:\\\/\\\/www.scheidt.de\\\/wp-content\\\/uploads\\\/2024\\\/04\\\/Scheidt-Bildmarke.svg\",\"datePublished\":\"2016-05-06T16:31:41+00:00\",\"dateModified\":\"2025-10-20T06:50:53+00:00\",\"description\":\"Schalten Sie um auf Zukunft. Nehmen Sie mit SCHEIDT Kontakt auf \u00fcber das Kontaktformular. Wir melden uns bei Ihnen und k\u00fcmmern uns um Ihr Anliegen!\",\"breadcrumb\":{\"@id\":\"https:\\\/\\\/www.scheidt.de\\\/kontakt\\\/#breadcrumb\"},\"inLanguage\":\"en-GB\",\"potentialAction\":[{\"@type\":\"ReadAction\",\"target\":[\"https:\\\/\\\/www.scheidt.de\\\/kontakt\\\/\"]}]},{\"@type\":\"ImageObject\",\"inLanguage\":\"en-GB\",\"@id\":\"https:\\\/\\\/www.scheidt.de\\\/kontakt\\\/#primaryimage\",\"url\":\"https:\\\/\\\/www.scheidt.de\\\/wp-content\\\/uploads\\\/2024\\\/04\\\/Scheidt-Bildmarke.svg\",\"contentUrl\":\"https:\\\/\\\/www.scheidt.de\\\/wp-content\\\/uploads\\\/2024\\\/04\\\/Scheidt-Bildmarke.svg\"},{\"@type\":\"BreadcrumbList\",\"@id\":\"https:\\\/\\\/www.scheidt.de\\\/kontakt\\\/#breadcrumb\",\"itemListElement\":[{\"@type\":\"ListItem\",\"position\":1,\"name\":\"Startseite\",\"item\":\"https:\\\/\\\/www.scheidt.de\\\/\"},{\"@type\":\"ListItem\",\"position\":2,\"name\":\"Kontakt\"}]},{\"@type\":\"WebSite\",\"@id\":\"https:\\\/\\\/www.scheidt.de\\\/#website\",\"url\":\"https:\\\/\\\/www.scheidt.de\\\/\",\"name\":\"Trafostationen, Kompaktstationen, Versorgungsstationen aus Stahlbeton, individuelle Schalth\u00e4user\",\"description\":\"Scheidt GmbH &amp; Co. KG - Umschalten auf Zukunft ist kein Slogan, es ist eine Einstellung.\",\"publisher\":{\"@id\":\"https:\\\/\\\/www.scheidt.de\\\/#organization\"},\"potentialAction\":[{\"@type\":\"SearchAction\",\"target\":{\"@type\":\"EntryPoint\",\"urlTemplate\":\"https:\\\/\\\/www.scheidt.de\\\/?s={search_term_string}\"},\"query-input\":{\"@type\":\"PropertyValueSpecification\",\"valueRequired\":true,\"valueName\":\"search_term_string\"}}],\"inLanguage\":\"en-GB\"},{\"@type\":\"Organization\",\"@id\":\"https:\\\/\\\/www.scheidt.de\\\/#organization\",\"name\":\"Scheidt GmbH & Co. KG\",\"url\":\"https:\\\/\\\/www.scheidt.de\\\/\",\"logo\":{\"@type\":\"ImageObject\",\"inLanguage\":\"en-GB\",\"@id\":\"https:\\\/\\\/www.scheidt.de\\\/#\\\/schema\\\/logo\\\/image\\\/\",\"url\":\"https:\\\/\\\/www.scheidt.de\\\/wp-content\\\/uploads\\\/2024\\\/04\\\/Logo-scheidt.svg\",\"contentUrl\":\"https:\\\/\\\/www.scheidt.de\\\/wp-content\\\/uploads\\\/2024\\\/04\\\/Logo-scheidt.svg\",\"width\":566,\"height\":108,\"caption\":\"Scheidt GmbH & Co. KG\"},\"image\":{\"@id\":\"https:\\\/\\\/www.scheidt.de\\\/#\\\/schema\\\/logo\\\/image\\\/\"},\"sameAs\":[\"https:\\\/\\\/www.facebook.com\\\/scheidtgermany\",\"https:\\\/\\\/www.instagram.com\\\/scheidt_germany\\\/\",\"https:\\\/\\\/www.linkedin.com\\\/company\\\/scheidt-gmbh-co-kg\",\"https:\\\/\\\/www.xing.com\\\/pages\\\/scheidtgmbh-co-kg\",\"https:\\\/\\\/www.tiktok.com\\\/@scheidtgermany\"]}]}<\/script>\n<!-- \/ Yoast SEO plugin. -->","yoast_head_json":{"title":"Kontakt \u00fcber unser Kontaktformular - Trafostationen, Kompaktstationen, Versorgungsstationen aus Stahlbeton, individuelle Schalth\u00e4user","description":"Switch to the future. Get in touch with SCHEIDT using the contact form. We will get back to you and take care of your request!","robots":{"index":"index","follow":"follow","max-snippet":"max-snippet:-1","max-image-preview":"max-image-preview:large","max-video-preview":"max-video-preview:-1"},"canonical":"https:\/\/www.scheidt.de\/en\/contact\/","og_locale":"en_GB","og_type":"article","og_title":"Kontakt \u00fcber unser Kontaktformular - Trafostationen, Kompaktstationen, Versorgungsstationen aus Stahlbeton, individuelle Schalth\u00e4user","og_description":"Schalten Sie um auf Zukunft. Nehmen Sie mit SCHEIDT Kontakt auf \u00fcber das Kontaktformular. Wir melden uns bei Ihnen und k\u00fcmmern uns um Ihr Anliegen!","og_url":"https:\/\/www.scheidt.de\/en\/contact\/","og_site_name":"Trafostationen, Kompaktstationen, Versorgungsstationen aus Stahlbeton, individuelle Schalth\u00e4user","article_publisher":"https:\/\/www.facebook.com\/scheidtgermany","article_modified_time":"2025-10-20T06:50:53+00:00","twitter_card":"summary_large_image","twitter_misc":{"Estimated reading time":"1 minute"},"schema":{"@context":"https:\/\/schema.org","@graph":[{"@type":"WebPage","@id":"https:\/\/www.scheidt.de\/kontakt\/","url":"https:\/\/www.scheidt.de\/kontakt\/","name":"Kontakt \u00fcber unser Kontaktformular - Trafostationen, Kompaktstationen, Versorgungsstationen aus Stahlbeton, individuelle Schalth\u00e4user","isPartOf":{"@id":"https:\/\/www.scheidt.de\/#website"},"primaryImageOfPage":{"@id":"https:\/\/www.scheidt.de\/kontakt\/#primaryimage"},"image":{"@id":"https:\/\/www.scheidt.de\/kontakt\/#primaryimage"},"thumbnailUrl":"https:\/\/www.scheidt.de\/wp-content\/uploads\/2024\/04\/Scheidt-Bildmarke.svg","datePublished":"2016-05-06T16:31:41+00:00","dateModified":"2025-10-20T06:50:53+00:00","description":"Switch to the future. Get in touch with SCHEIDT using the contact form. We will get back to you and take care of your request!","breadcrumb":{"@id":"https:\/\/www.scheidt.de\/kontakt\/#breadcrumb"},"inLanguage":"en-GB","potentialAction":[{"@type":"ReadAction","target":["https:\/\/www.scheidt.de\/kontakt\/"]}]},{"@type":"ImageObject","inLanguage":"en-GB","@id":"https:\/\/www.scheidt.de\/kontakt\/#primaryimage","url":"https:\/\/www.scheidt.de\/wp-content\/uploads\/2024\/04\/Scheidt-Bildmarke.svg","contentUrl":"https:\/\/www.scheidt.de\/wp-content\/uploads\/2024\/04\/Scheidt-Bildmarke.svg"},{"@type":"BreadcrumbList","@id":"https:\/\/www.scheidt.de\/kontakt\/#breadcrumb","itemListElement":[{"@type":"ListItem","position":1,"name":"Startseite","item":"https:\/\/www.scheidt.de\/"},{"@type":"ListItem","position":2,"name":"Kontakt"}]},{"@type":"WebSite","@id":"https:\/\/www.scheidt.de\/#website","url":"https:\/\/www.scheidt.de\/","name":"Trafostationen, Kompaktstationen, Versorgungsstationen aus Stahlbeton, individuelle Schalth\u00e4user","description":"Scheidt GmbH &amp; Co. KG - Switching to the future is not a slogan, it's an attitude.","publisher":{"@id":"https:\/\/www.scheidt.de\/#organization"},"potentialAction":[{"@type":"SearchAction","target":{"@type":"EntryPoint","urlTemplate":"https:\/\/www.scheidt.de\/?s={search_term_string}"},"query-input":{"@type":"PropertyValueSpecification","valueRequired":true,"valueName":"search_term_string"}}],"inLanguage":"en-GB"},{"@type":"Organization","@id":"https:\/\/www.scheidt.de\/#organization","name":"Scheidt GmbH &amp; Co. KG","url":"https:\/\/www.scheidt.de\/","logo":{"@type":"ImageObject","inLanguage":"en-GB","@id":"https:\/\/www.scheidt.de\/#\/schema\/logo\/image\/","url":"https:\/\/www.scheidt.de\/wp-content\/uploads\/2024\/04\/Logo-scheidt.svg","contentUrl":"https:\/\/www.scheidt.de\/wp-content\/uploads\/2024\/04\/Logo-scheidt.svg","width":566,"height":108,"caption":"Scheidt GmbH & Co. KG"},"image":{"@id":"https:\/\/www.scheidt.de\/#\/schema\/logo\/image\/"},"sameAs":["https:\/\/www.facebook.com\/scheidtgermany","https:\/\/www.instagram.com\/scheidt_germany\/","https:\/\/www.linkedin.com\/company\/scheidt-gmbh-co-kg","https:\/\/www.xing.com\/pages\/scheidtgmbh-co-kg","https:\/\/www.tiktok.com\/@scheidtgermany"]}]}},"_links":{"self":[{"href":"https:\/\/www.scheidt.de\/en\/wp-json\/wp\/v2\/pages\/4163","targetHints":{"allow":["GET"]}}],"collection":[{"href":"https:\/\/www.scheidt.de\/en\/wp-json\/wp\/v2\/pages"}],"about":[{"href":"https:\/\/www.scheidt.de\/en\/wp-json\/wp\/v2\/types\/page"}],"author":[{"embeddable":true,"href":"https:\/\/www.scheidt.de\/en\/wp-json\/wp\/v2\/users\/2"}],"replies":[{"embeddable":true,"href":"https:\/\/www.scheidt.de\/en\/wp-json\/wp\/v2\/comments?post=4163"}],"version-history":[{"count":63,"href":"https:\/\/www.scheidt.de\/en\/wp-json\/wp\/v2\/pages\/4163\/revisions"}],"predecessor-version":[{"id":17007,"href":"https:\/\/www.scheidt.de\/en\/wp-json\/wp\/v2\/pages\/4163\/revisions\/17007"}],"wp:attachment":[{"href":"https:\/\/www.scheidt.de\/en\/wp-json\/wp\/v2\/media?parent=4163"}],"curies":[{"name":"wp","href":"https:\/\/api.w.org\/{rel}","templated":true}]}}